{"id":2794,"date":"2019-02-28T16:01:22","date_gmt":"2019-02-28T21:01:22","guid":{"rendered":"http:\/\/wwf-atwork.flywheelsites.com\/our-partners\/"},"modified":"2020-06-19T11:14:43","modified_gmt":"2020-06-19T15:14:43","slug":"our-partners","status":"publish","type":"page","link":"https:\/\/atwork.wwf.ca\/fr\/our-partners\/","title":{"rendered":"Partenaires"},"content":{"rendered":"\n<div class=\"wp-block-columns has-2-columns is-layout-flex wp-container-core-columns-is-layout-9d6595d7 wp-block-columns-is-layout-flex\">\n<div class=\"wp-block-column is-layout-flow wp-block-column-is-layout-flow\">\n<div class=\"wp-block-image\"><figure class=\"aligncenter\"><img loading=\"lazy\" decoding=\"async\" width=\"200\" height=\"200\" src=\"https:\/\/atwork.wwf.ca\/wp-content\/uploads\/sites\/2\/2019\/11\/HP-logo-resized-1.jpg\" alt=\"\" class=\"wp-image-1677\" srcset=\"https:\/\/atwork.wwf.ca\/wp-content\/uploads\/2019\/11\/HP-logo-resized-1.jpg 200w, https:\/\/atwork.wwf.ca\/wp-content\/uploads\/2019\/11\/HP-logo-resized-1-150x150.jpg 150w\" sizes=\"auto, (max-width: 200px) 100vw, 200px\" \/><\/figure><\/div>\n\n\n\n<p>HP Canada est fi\u00e8re d&rsquo;\u00eatre le partenaire fondateur de Plan\u00e8te vivante @ travail. Depuis 2011, HP a travaill\u00e9 en \u00e9troite collaboration avec le WWF-Canada pour fournir des ressources, du soutien et de l&rsquo;expertise en durabilit\u00e9 aux champion.ne.s de l&rsquo;\u00e9cologie \u00e0 travers le pays. Cette collaboration intersectorielle a \u00e9t\u00e9 essentielle et le programme ne serait pas ce qu\u2019il est aujourd\u2019hui sans elle. Pour en savoir plus, lisez une \u00e9tude de cas <a href=\"https:\/\/atwork.wwf.ca\/wp-content\/uploads\/sites\/2\/2019\/05\/WWF_HP_PartneringForGood.pdf\">ici<\/a>. <\/p>\n<\/div>\n\n\n\n<div class=\"wp-block-column is-layout-flow wp-block-column-is-layout-flow\">\n<div class=\"wp-block-image\"><figure class=\"aligncenter\"><img loading=\"lazy\" decoding=\"async\" width=\"200\" height=\"200\" src=\"https:\/\/atwork.wwf.ca\/wp-content\/uploads\/sites\/2\/2019\/11\/TPH-logo-resized-1.jpg\" alt=\"\" class=\"wp-image-1678\" srcset=\"https:\/\/atwork.wwf.ca\/wp-content\/uploads\/2019\/11\/TPH-logo-resized-1.jpg 200w, https:\/\/atwork.wwf.ca\/wp-content\/uploads\/2019\/11\/TPH-logo-resized-1-150x150.jpg 150w\" sizes=\"auto, (max-width: 200px) 100vw, 200px\" \/><\/figure><\/div>\n\n\n\n<p>\n\nThe Printing House is a proud sponsor of the Living Planet @ Work program, helping empower businesses and their employees to lead sustainable change at work.   \n\n<\/p>\n<\/div>\n<\/div>\n\n\n\n<hr class=\"wp-block-separator\"\/>\n\n\n\n<h3 class=\"wp-block-heading\">Notre travail avec les entreprises<\/h3>\n\n\n\n<p>At WWF-Canada, our co-operation with companies is based on a common understanding of environmental issues, shared ambitions or activities, and a willingness to engage the public around conservation. <br><\/p>\n\n\n\n<p> Nous travaillons en partenariat avec les entreprises de diverses fa\u00e7ons :<\/p>\n\n\n\n<h4 class=\"wp-block-heading\">Pratiques Commerciales Durables<\/h4>\n\n\n\n<p>Nos partenariats bilat\u00e9raux visent \u00e0 obtenir des r\u00e9sultats directs en mati\u00e8re de conservation sur des questions cl\u00e9s en alignant les pratiques commerciales et les activit\u00e9s de l&rsquo;organisation sur les priorit\u00e9s de conservation du WWF-Canada. Ces priorit\u00e9s en mati\u00e8re de conservation visent \u00e0 r\u00e9duire les principaux impacts environnementaux et \u00e0 obtenir des r\u00e9sultats en mati\u00e8re de conservation qui ne seraient pas possibles sans cette collaboration.<br><\/p>\n\n\n\n<h4 class=\"wp-block-heading\">Commandites<\/h4>\n\n\n\n<p>Nous avons de nombreuses possibilit\u00e9s de commandites attrayantes et de prestige au WWF-Canada, qui peuvent offrir \u00e0 nos partenaires une visibilit\u00e9 appuy\u00e9e par notre image de marque et aupr\u00e8s de notre auditoire gr\u00e2ce au soutien des solutions de conservation sur lesquelles nous travaillons. Demandez-nous comment vous pouvez participer \u00e0 l\u2019Ascension de la Tour CN pour la nature, au Petit Pandathlon et plus encore.<br><\/p>\n\n\n\n<h4 class=\"wp-block-heading\">Marketing Social et Accr\u00e9ditation<\/h4>\n\n\n\n<p>Le WWF-Canada s&rsquo;associe \u00e0 des entreprises pour sensibiliser les gens aux grands enjeux environnementaux et pour mobiliser les employ\u00e9.e.s et les client.e.s \u00e0 agir en faveur de la nature. Ces partenariats peuvent inclure des campagnes de marketing social, l\u2019accr\u00e9ditation de produits et l&rsquo;engagement des employ\u00e9.e.s et des client.e.s.<br><\/p>\n\n\n\n<h4 class=\"wp-block-heading\">Relations Philanthropiques<\/h4>\n\n\n\n<p>Les entreprises peuvent avoir un impact direct sur les projets environnementaux au Canada en finan\u00e7ant nos programmes de conservation par des dons philanthropiques. Les relations philanthropiques avec les entreprises financent l&rsquo;expertise et les outils n\u00e9cessaires \u00e0 la r\u00e9alisation de travaux essentiels en conservation.<\/p>\n\n\n\n<p><br><\/p>\n\n\n\n<hr class=\"wp-block-separator\"\/>\n\n\n\n<p><strong>Si vous souhaitez obtenir plus d&rsquo;informations sur le partenariat, veuillez remplir le formulaire suivant :<\/strong><\/p>\n\n\n\n<div class=\"wpcf7 no-js\" id=\"wpcf7-f658-o1\" lang=\"en-CA\" dir=\"ltr\" data-wpcf7-id=\"658\">\n<div class=\"screen-reader-response\"><p role=\"status\" aria-live=\"polite\" aria-atomic=\"true\"><\/p> <ul><\/ul><\/div>\n<form action=\"\/fr\/wp-json\/wp\/v2\/pages\/2794#wpcf7-f658-o1\" method=\"post\" class=\"wpcf7-form init\" aria-label=\"Contact form\" novalidate=\"novalidate\" data-status=\"init\">\n<fieldset class=\"hidden-fields-container\"><input type=\"hidden\" name=\"_wpcf7\" value=\"658\" \/><input type=\"hidden\" name=\"_wpcf7_version\" value=\"6.1.5\" \/><input type=\"hidden\" name=\"_wpcf7_locale\" value=\"en_CA\" \/><input type=\"hidden\" name=\"_wpcf7_unit_tag\" value=\"wpcf7-f658-o1\" \/><input type=\"hidden\" name=\"_wpcf7_container_post\" value=\"0\" \/><input type=\"hidden\" name=\"_wpcf7_posted_data_hash\" value=\"\" \/><input type=\"hidden\" name=\"_wpcf7_recaptcha_response\" value=\"\" \/>\n<\/fieldset>\n<div class=\"row\">\n\t<div class=\"col-md-6\">\n\t\t<p><label>First Name<span>*<\/span><br \/>\n<span class=\"wpcf7-form-control-wrap\" data-name=\"first-name\"><input size=\"40\" maxlength=\"400\" class=\"wpcf7-form-control wpcf7-text wpcf7-validates-as-required\" aria-required=\"true\" aria-invalid=\"false\" value=\"\" type=\"text\" name=\"first-name\" \/><\/span> <\/label>\n\t\t<\/p>\n\t<\/div>\n\t<div class=\"col-md-6\">\n\t\t<p><label>Last Name<span>*<\/span><br \/>\n<span class=\"wpcf7-form-control-wrap\" data-name=\"last-name\"><input size=\"40\" maxlength=\"400\" class=\"wpcf7-form-control wpcf7-text wpcf7-validates-as-required\" aria-required=\"true\" aria-invalid=\"false\" value=\"\" type=\"text\" name=\"last-name\" \/><\/span> <\/label>\n\t\t<\/p>\n\t<\/div>\n<\/div>\n<div class=\"row\">\n\t<div class=\"col-md-6\">\n\t\t<p><label>Company<br \/>\n<span class=\"wpcf7-form-control-wrap\" data-name=\"company\"><input size=\"40\" maxlength=\"400\" class=\"wpcf7-form-control wpcf7-text\" aria-invalid=\"false\" value=\"\" type=\"text\" name=\"company\" \/><\/span> <\/label>\n\t\t<\/p>\n\t<\/div>\n\t<div class=\"col-md-6\">\n\t\t<p><label>Job Title<br \/>\n<span class=\"wpcf7-form-control-wrap\" data-name=\"job-title\"><input size=\"40\" maxlength=\"400\" class=\"wpcf7-form-control wpcf7-text\" aria-invalid=\"false\" value=\"\" type=\"text\" name=\"job-title\" \/><\/span> <\/label>\n\t\t<\/p>\n\t<\/div>\n<\/div>\n<div class=\"row\">\n\t<div class=\"col-md-6\">\n\t\t<p><label>Phone <small>(optional)<\/small><br \/>\n<span class=\"wpcf7-form-control-wrap\" data-name=\"phone\"><input size=\"40\" maxlength=\"400\" class=\"wpcf7-form-control wpcf7-text\" aria-invalid=\"false\" value=\"\" type=\"text\" name=\"phone\" \/><\/span> <\/label>\n\t\t<\/p>\n\t<\/div>\n\t<div class=\"col-md-6\">\n\t\t<p><label>Postal Code<span>*<\/span><br \/>\n<span class=\"wpcf7-form-control-wrap\" data-name=\"postal-code\"><input size=\"40\" maxlength=\"400\" class=\"wpcf7-form-control wpcf7-text wpcf7-validates-as-required\" aria-required=\"true\" aria-invalid=\"false\" value=\"\" type=\"text\" name=\"postal-code\" \/><\/span> <\/label>\n\t\t<\/p>\n\t<\/div>\n<\/div>\n<div class=\"row\">\n\t<div class=\"col-md-6\">\n\t\t<p><label>Email<span>*<\/span><br \/>\n<span class=\"wpcf7-form-control-wrap\" data-name=\"email\"><input size=\"40\" maxlength=\"400\" class=\"wpcf7-form-control wpcf7-email wpcf7-validates-as-required wpcf7-text wpcf7-validates-as-email\" aria-required=\"true\" aria-invalid=\"false\" value=\"\" type=\"email\" name=\"email\" \/><\/span> <\/label>\n\t\t<\/p>\n\t<\/div>\n<\/div>\n<p><label>Your Message<br \/>\n<span class=\"wpcf7-form-control-wrap\" data-name=\"your-message\"><textarea cols=\"40\" rows=\"10\" maxlength=\"2000\" class=\"wpcf7-form-control wpcf7-textarea\" aria-invalid=\"false\" name=\"your-message\"><\/textarea><\/span> <\/label>\n<\/p>\n<div class=\"row align-items-center\">\n\t<div class=\"col-sm-6\">\n\t<\/div>\n\t<div class=\"col-sm-6\">\n\t\t<p><input class=\"wpcf7-form-control wpcf7-submit has-spinner wwf-primary-btn\" type=\"submit\" value=\"Submit\" \/>\n\t\t<\/p>\n\t<\/div>\n<\/div><div class=\"wpcf7-response-output\" aria-hidden=\"true\"><\/div>\n<\/form>\n<\/div>\n\n\n\n\n<hr class=\"wp-block-separator\"\/>\n\n\n\n<h3 class=\"wp-block-heading\" id=\"mce_26\">Principles of Engagement<\/h3>\n\n\n\n<p>WWF-Canada works with companies to help achieve our conservation\ngoals. NGO and company partnerships involve engaging in constructive dialogue\nwhile challenging each other with real issues. As such, these partnerships involve\nopportunities and risks for both parties. At WWF-Canada, we manage these risks\nby having clear guidelines and criteria in place, including a due diligence\nprocess. In all relationships, we maintain and exercise the right to public\ncommentary.<\/p>\n\n\n\n<p><br><\/p>\n","protected":false},"excerpt":{"rendered":"<p>HP Canada est fi\u00e8re d&rsquo;\u00eatre le partenaire fondateur de Plan\u00e8te vivante @ travail. Depuis 2011, [&hellip;]<\/p>\n","protected":false},"author":10054,"featured_media":2320,"parent":0,"menu_order":0,"comment_status":"closed","ping_status":"closed","template":"general-inner-template.php","meta":{"_acf_changed":false,"inline_featured_image":false,"footnotes":""},"class_list":["post-2794","page","type-page","status-publish","has-post-thumbnail","hentry"],"acf":[],"yoast_head":"<!-- This site is optimized with the Yoast SEO Premium plugin v15.2 - https:\/\/yoast.com\/wordpress\/plugins\/seo\/ -->\n<title>Partenaires - Living Planet @ Work<\/title>\n<meta name=\"robots\" content=\"index, follow, max-snippet:-1, max-image-preview:large, max-video-preview:-1\" \/>\n<link rel=\"canonical\" href=\"https:\/\/atwork.wwf.ca\/fr\/our-partners\/\" \/>\n<meta property=\"og:locale\" content=\"fr_FR\" \/>\n<meta property=\"og:type\" content=\"article\" \/>\n<meta property=\"og:title\" content=\"Partenaires - Living Planet @ Work\" \/>\n<meta property=\"og:description\" content=\"HP Canada est fi\u00e8re d&rsquo;\u00eatre le partenaire fondateur de Plan\u00e8te vivante @ travail. Depuis 2011, [&hellip;]\" \/>\n<meta property=\"og:url\" content=\"https:\/\/atwork.wwf.ca\/fr\/our-partners\/\" \/>\n<meta property=\"og:site_name\" content=\"Living Planet @ Work\" \/>\n<meta property=\"article:modified_time\" content=\"2020-06-19T15:14:43+00:00\" \/>\n<meta property=\"og:image\" content=\"https:\/\/atwork.wwf.ca\/wp-content\/uploads\/2019\/02\/rawpixel-711102-unsplash-e1551713578965-scaled.jpg\" \/>\n\t<meta property=\"og:image:width\" content=\"4000\" \/>\n\t<meta property=\"og:image:height\" content=\"1890\" \/>\n<meta name=\"twitter:card\" content=\"summary_large_image\" \/>\n<meta name=\"twitter:label1\" value=\"\u00c9crit par\">\n\t<meta name=\"twitter:data1\" value=\"Amy Castator\">\n\t<meta name=\"twitter:label2\" value=\"Dur\u00e9e de lecture estim\u00e9e\">\n\t<meta name=\"twitter:data2\" value=\"2 minutes\">\n<script type=\"application\/ld+json\" class=\"yoast-schema-graph\">{\"@context\":\"https:\/\/schema.org\",\"@graph\":[{\"@type\":\"WebSite\",\"@id\":\"https:\/\/atwork.wwf.ca\/fr\/#website\",\"url\":\"https:\/\/atwork.wwf.ca\/fr\/\",\"name\":\"Living Planet @ Work\",\"description\":\"\",\"potentialAction\":[{\"@type\":\"SearchAction\",\"target\":\"https:\/\/atwork.wwf.ca\/fr\/?s={search_term_string}\",\"query-input\":\"required name=search_term_string\"}],\"inLanguage\":\"fr-FR\"},{\"@type\":\"ImageObject\",\"@id\":\"https:\/\/atwork.wwf.ca\/fr\/our-partners\/#primaryimage\",\"inLanguage\":\"fr-FR\",\"url\":\"https:\/\/atwork.wwf.ca\/wp-content\/uploads\/2019\/02\/rawpixel-711102-unsplash-e1551713578965-scaled.jpg\",\"width\":4000,\"height\":1890,\"caption\":\"\\u00a9 Unsplash\"},{\"@type\":\"WebPage\",\"@id\":\"https:\/\/atwork.wwf.ca\/fr\/our-partners\/#webpage\",\"url\":\"https:\/\/atwork.wwf.ca\/fr\/our-partners\/\",\"name\":\"Partenaires - Living Planet @ Work\",\"isPartOf\":{\"@id\":\"https:\/\/atwork.wwf.ca\/fr\/#website\"},\"primaryImageOfPage\":{\"@id\":\"https:\/\/atwork.wwf.ca\/fr\/our-partners\/#primaryimage\"},\"datePublished\":\"2019-02-28T21:01:22+00:00\",\"dateModified\":\"2020-06-19T15:14:43+00:00\",\"inLanguage\":\"fr-FR\",\"potentialAction\":[{\"@type\":\"ReadAction\",\"target\":[\"https:\/\/atwork.wwf.ca\/fr\/our-partners\/\"]}]}]}<\/script>\n<!-- \/ Yoast SEO Premium plugin. -->","_links":{"self":[{"href":"https:\/\/atwork.wwf.ca\/fr\/wp-json\/wp\/v2\/pages\/2794","targetHints":{"allow":["GET"]}}],"collection":[{"href":"https:\/\/atwork.wwf.ca\/fr\/wp-json\/wp\/v2\/pages"}],"about":[{"href":"https:\/\/atwork.wwf.ca\/fr\/wp-json\/wp\/v2\/types\/page"}],"author":[{"embeddable":true,"href":"https:\/\/atwork.wwf.ca\/fr\/wp-json\/wp\/v2\/users\/10054"}],"replies":[{"embeddable":true,"href":"https:\/\/atwork.wwf.ca\/fr\/wp-json\/wp\/v2\/comments?post=2794"}],"version-history":[{"count":0,"href":"https:\/\/atwork.wwf.ca\/fr\/wp-json\/wp\/v2\/pages\/2794\/revisions"}],"wp:featuredmedia":[{"embeddable":true,"href":"https:\/\/atwork.wwf.ca\/fr\/wp-json\/wp\/v2\/media\/2320"}],"wp:attachment":[{"href":"https:\/\/atwork.wwf.ca\/fr\/wp-json\/wp\/v2\/media?parent=2794"}],"curies":[{"name":"wp","href":"https:\/\/api.w.org\/{rel}","templated":true}]}}